{"id":1862,"date":"2017-12-22T11:59:27","date_gmt":"2017-12-22T11:59:27","guid":{"rendered":"https:\/\/www.vaciadopisosbarcelona.net\/ca\/aviso-legal\/"},"modified":"2018-01-04T09:23:01","modified_gmt":"2018-01-04T09:23:01","slug":"avis-legal","status":"publish","type":"page","link":"https:\/\/www.vaciadopisosbarcelona.net\/ca\/avis-legal\/","title":{"rendered":"Av\u00eds legal"},"content":{"rendered":"<p><strong>1. Identitat del titular de la web<\/strong><br \/>\nPer acomplir a l&#8217;establert en la Llei 34\/2002, d&#8217;11 de juliol, de serveis de la societat de la informaci\u00f3 i de comer\u00e7 electr\u00f2nic, a continuaci\u00f3 s&#8217;indiquen les dades d&#8217;informaci\u00f3 general d&#8217;aquest lloc web:<\/p>\n<p>Titular:<br \/>\nBuidatge Pisos Barcelona<\/p>\n<p><strong>3. \u00das correcte del lloc web<\/strong><br \/>\nLes presents condicions (d&#8217;ara endavant anomenat Av\u00eds legal) tenen per objecte regular l&#8217;ocupaci\u00f3 d&#8217;aquest lloc web que el seu titular posa a la predisposici\u00f3 del p\u00fablic en la present URL. La utilitzaci\u00f3 del lloc web per un tercer li atribueix la condici\u00f3 d&#8217;usuari i suposa l&#8217;acceptaci\u00f3 plena per la dita usu\u00e0ria, de totes les condicions que s&#8217;incorporen en el present Av\u00eds legal. El titular del web pot oferir a trav\u00e9s del web, serveis o b\u00e9 productes que podr\u00e0 trobar-se sotmesos a unes condicions particulars pr\u00f2pies que, conforme els casos, reemplacen, completen i\/o alteren les presents condicions, i sobre les quals es notificar\u00e0 a l&#8217;usuari en tots i cada cas espec\u00edfic.<\/p>\n<p><strong>3. \u00das correcte del lloc web<\/strong><br \/>\nL&#8217;usuari es compromet a utilitzar la web, els continguts i serveis de conformitat amb la llei, el present Av\u00eds legal, els bons costums i l&#8217;ordre p\u00fablic. De la mateixa manera, l&#8217;usuari es for\u00e7a a no usar el web o els serveis que es prestin a trav\u00e9s d&#8217;ell amb finalitats o b\u00e9 efectes il\u00b7legals o contraris al contingut del present Av\u00eds legal, lesius dels interessos o drets de tercers, o b\u00e9 que de qualsevol forma pugui danyar, incapacitar o espatllar el web o b\u00e9 els seus serveis, o impedir un normal gaudi del web per altres usuaris. Aix\u00ed mateix, l&#8217;usuari es compromet expressament a no destruir, trastocar, incapacitar o b\u00e9, de qualsevol altra forma, danyar les dades, programes o b\u00e9 documents electr\u00f2nics i altres que es trobin a la present web.<\/p>\n<p>L&#8217;usuari es compromet a no obstruir l&#8217;acc\u00e9s d&#8217;altres usuaris al servei d&#8217;acc\u00e9s mitjan\u00e7ant el consum massiu dels recursos inform\u00e0tics mitjan\u00e7ant els quals el titular del web presta el servei, aix\u00ed com realitzar accions que danyin, interrompin o b\u00e9 generin errors en aquests sistemes. L&#8217;usuari es compromet a no introduir programes, virus, macros, applets, controls ActiveX o b\u00e9 qualsevol altre dispositiu l\u00f2gic o b\u00e9 seq\u00fc\u00e8ncia de car\u00e0cters que causin o b\u00e9 siguin susceptibles de causar qualsevol tipus d&#8217;alteraci\u00f3 en els sistemes inform\u00e0tics del titular del web o de tercers.<\/p>\n<p><strong>4. Publicitat<\/strong><br \/>\nUna part del lloc web pot acollir continguts promocionals o ben estar patrocinat. Els anunciants i patrocinadors s\u00f3n els \u00fanics responsables d&#8217;assegurar-se que el material rem\u00e8s per a la seva inclusi\u00f3 en el lloc web compleix amb les lleis que en tots i cada cas puguin ser aplicable. El titular del web no ser\u00e0 responsable de qualsevol fallada, imprecisi\u00f3 o b\u00e9 irregularitat que puguin contenir els continguts promocionals o b\u00e9 dels patrocinadors. En qualsevol cas, per interposar qualsevol reclamaci\u00f3 relacionada amb els continguts promocionals inserits en aquest lloc web poden dirigir-se a la propera adre\u00e7a de correu electr\u00f2nic: info@vaciadopisosbarcelona.net<\/p>\n<p><strong>5. Propietat intel\u00b7lectual i industrial<\/strong><br \/>\nTots i cadascun dels drets de propietat industrial i tamb\u00e9 intel\u00b7lectual d&#8217;aquest lloc web i els elements continguts exactament el mateix i a les seves p\u00e0gines web (inclosos, amb car\u00e0cter enunciatiu que no limitatiu, el disseny gr\u00e0fic, codi font, logotips, continguts, imatges, textos, gr\u00e0fics, il\u00b7lustracions, fotografies, bases de dades i altres elements que apareixen a la web), tret que s&#8217;indiqui l&#8217;oposat, s\u00f3n titularitat exclusiva del titular del web o b\u00e9 de tercers.<\/p>\n<p>En aquest sentit, el titular d&#8217;aquest lloc web fa expressa reserva de tots i cadascun dels drets. De la mateixa manera, tots i cadascun dels noms comercials, dominis, marques o b\u00e9 signes propis de qualsevol tipus continguts en el lloc web i les seves p\u00e0gines webs estan protegits per la llei. El titular del web no lliura cap g\u00e8nere de llic\u00e8ncia o b\u00e9 autoritzaci\u00f3 d&#8217;ocupaci\u00f3 p\u00fablica i\/o comercial a l&#8217;usuari sobre els seus drets de propietat intel\u00b7lectual i tamb\u00e9 industrial o b\u00e9 sobre qualsevol altre dret relacionat amb aquest lloc web, les seves p\u00e0gines webs i els serveis oferts exactament les mateixes. L&#8217;usuari \u00fanicament podr\u00e0 accedir a semblants elements i serveis per a la seva ocupaci\u00f3 personal i privat, quedant, per tant, terminantment prohibida la utilitzaci\u00f3 de la totalitat o b\u00e9 una part dels continguts d&#8217;aquesta p\u00e0gina web amb prop\u00f2sits p\u00fablics o ben comercials, la seva distribuci\u00f3, comunicaci\u00f3 p\u00fablica, incloent-hi la modalitat de posada a predisposici\u00f3, com la seva modificaci\u00f3 o pertorbaci\u00f3 tret que para aix\u00f2 es compti amb l&#8217;expr\u00e9s consentiment i per escrit del titular del web. Per aquesta ra\u00f3, l&#8217;usuari reconeix que la reproducci\u00f3, distribuci\u00f3, comercialitzaci\u00f3, transformaci\u00f3, i generalment, qualsevol altra forma d&#8217;explotaci\u00f3, per qualsevol procediment, de tot o b\u00e9 una part dels continguts d&#8217;aquest lloc web forma una infracci\u00f3 dels drets de propietat intel\u00b7lectual i\/o industrial del titular del web o b\u00e9 del titular exactament els mateixos.<\/p>\n<p><strong>6. Acc\u00e9s<\/strong><br \/>\nL&#8217;acc\u00e9s a la web per la part dels usuaris t\u00e9 car\u00e0cter lliure i gratis. No obstant aix\u00f2, certs serveis i continguts oferts per Buidat Pisos Barcelona o ben tercers a trav\u00e9s del lloc web poden trobar-se subjectes a la contractaci\u00f3 anterior del servei o b\u00e9 producte i al pagament d&#8217;una quantitat de diners en la manera que es determini. Quan calgui que l&#8217;usuari es registri o b\u00e9 aporti dades personals per poder accedir a certs serveis, la recollida i el tractament de les dades personals dels usuaris ser\u00e0 aplicable el preparat en aquest Av\u00eds legal. Es prohibeix la contractaci\u00f3 de productes i serveis a trav\u00e9s del lloc web per la part de menors legal, havent d&#8217;aconseguir adequadament i per endavant, el perm\u00eds dels seus progenitors, tutors o ben representants legals, els quals seran considerats com a responsables dels actes que realitzin els menors a c\u00e0rrec seu, de conformitat amb la normativa en vigor.<\/p>\n<p><strong>7. R\u00e8gim de responsabilitat<\/strong><br \/>\n7.1. Responsabilitat per l&#8217;\u00fas de la web<br \/>\nL&#8217;usuari \u00e9s l&#8217;\u00fanic responsable de les infraccions en les quals pugui inc\u00f3rrer o b\u00e9 dels perjudicis que pugui ocasionar per la utilitzaci\u00f3 del web, quedant el titular del web, els seus associats, empreses del grup, col\u00b7laboradors, empleats i representants, exonerats de qualsevol tipus de responsabilitat que es pogu\u00e9s derivar per les accions de l&#8217;usuari. El titular del web emprar\u00e0 tots i cadascun dels esfor\u00e7os i mitjans raonables per facilitar informaci\u00f3 actualitzada i fefaent al web, no obstant aix\u00f2, el titular del web no assumeix cap garantia en relaci\u00f3 amb l&#8217;abs\u00e8ncia d&#8217;errors, o de possibles imprecisions i\/o omissions en cap dels continguts accessibles a trav\u00e9s d&#8217;aquesta web. L&#8217;usuari \u00e9s l&#8217;\u00fanic responsable enfront de qualsevol reclamaci\u00f3 o acci\u00f3 legal, judicial o ben extrajudicial, iniciada per terceres persones contra el titular del web basada en la utilitzaci\u00f3 per l&#8217;usuari del web. Si escau, l&#8217;usuari assumir\u00e0 quantes despeses, costos i indemnitzacions siguin irrogats al titular del web amb motiu de tals reclamacions o b\u00e9 accions legals.<\/p>\n<p>7.2. Responsabilitat pel funcionament la web<br \/>\nEl titular del web exclou tota responsabilitat que es pogu\u00e9s derivar d&#8217;interfer\u00e8ncies, omissions, interrupcions, virus inform\u00e0tics, avaries telef\u00f2niques o desconnexions en el funcionament operatiu del sistema electr\u00f2nic, motivat per causes alienes al titular del web. Aix\u00ed mateix, el titular del web aix\u00ed mateix exclou qualsevol responsabilitat que pogu\u00e9s derivar-se per retards o bloquejos en el funcionament operatiu d&#8217;aquest sistema electr\u00f2nic causat per defici\u00e8ncies o sobre c\u00e0rrega en les l\u00ednies telef\u00f2niques o en Internet, com de danys causats per terceres persones mitjan\u00e7ant intromissions il\u00b7leg\u00edtimes fos del control del titular del web. El titular del web est\u00e0 facultat per suspendre provisionalment, i sense previ av\u00eds, l&#8217;accessibilitat al web en ocasi\u00f3 d&#8217;operacions de manteniment, reparaci\u00f3, actualitzaci\u00f3 o millora.<\/p>\n<p>7.3. Responsabilitat per links<br \/>\nEls links o links continguts de la web poden conduir a l&#8217;usuari a altres webs gestionats per tercers. El titular del web rebutja qualsevol responsabilitat pel que fa a la informaci\u00f3 que es trobi fos del web, ja que la funci\u00f3 dels links que apareixen \u00e9s solament la d&#8217;informar a l&#8217;usuari sobre l&#8217;exist\u00e8ncia d&#8217;altres fonts d&#8217;informaci\u00f3 sobre un tema espec\u00edficament. El titular del web queda exonerat de tota responsabilitat pel correcte funcionament de tals links, del resultat aconseguit a trav\u00e9s d&#8217;aquests links, de la veracitat i legitimitat del contingut o b\u00e9 informaci\u00f3 a la qual es pot accedir, com dels perjudicis que pugui patir l&#8217;usuari per ra\u00f3 de la informaci\u00f3 oposada a la web enlla\u00e7ada.<\/p>\n<p><strong>8. Continguts generats per l&#8217;usuari<\/strong><br \/>\n8.1. En el cas que l&#8217;usuari mani continguts de qualsevol tipus al lloc web, exactament el mateix declara, garanteix i accepta que t\u00e9 dret a fer-ho de manera lliure, que aquesta informaci\u00f3 no infringeix cap dret de propietat intel\u00b7lectual, de marca, de patent, secret comercial, o b\u00e9 qualsevol altre dret de tercer, que aquesta informaci\u00f3 no t\u00e9 car\u00e0cter reservat i que aquesta informaci\u00f3 no \u00e9s perjudicial per a tercers.<\/p>\n<p>8.2. L&#8217;usuari reconeix acceptar la responsabilitat i deixar\u00e0 indemne a Buidatge Pisos Barcelona per qualsevol dany derivat de qualsevol comunicaci\u00f3 que subministri personalment o al seu nom, aconseguint aquesta responsabilitat sense cap limitaci\u00f3 l&#8217;exactitud, legalitat, originalitat i titularitat d&#8217;aquesta. Buidatge Pisos Barcelona es reserva la capacitat de decidir la divulgaci\u00f3 o publicaci\u00f3 dels continguts manats per l&#8217;Usuari.<\/p>\n<p><strong>9. Pol\u00edtica respecte a les dades personals obtingudes a trav\u00e9s del web<\/strong><br \/>\n9.1. A trav\u00e9s de formularis<br \/>\nSense perjudici del previst en l&#8217;indicat en tots i cadascun d&#8217;ells dels formularis del lloc web, quan l&#8217;usuari faciliti les seves dades de car\u00e0cter personal est\u00e0 autoritzant de manera expressa al titular del web, sense perjudici de les especificacions que es puguin trobar en tots i cada formulari, al tractament de les seves dades personals per a les properes finalitats:<\/p>\n<ul>\n<li>Efectuar l&#8217;administraci\u00f3 dels comentaris que l&#8217;usuari realitzi sobre el contingut de la present web, sempre i a tot moment sota els termes i condicions establerts en el present av\u00eds legal.<\/li>\n<li>Fer-li arribar la informaci\u00f3 d&#8217;ofertes i serveis que es creen del seu inter\u00e8s.<\/li>\n<\/ul>\n<p>El titular del web incorporar\u00e0 les dades facilitades per l&#8217;usuari en un arxiu titularitat del mateix correctament comunicat a l&#8217;Ag\u00e8ncia de Protecci\u00f3 de Dades.<\/p>\n<p>9.2. Confidencialitat<br \/>\nEl titular del web es compromet al compliment de la seva obligaci\u00f3 de secret de les dades de car\u00e0cter personal i del seu deure guardar-los de forma reservat i adoptar\u00e0 les mesures precises per eludir la seva pertorbaci\u00f3, p\u00e8rdua, tractament o b\u00e9 acc\u00e9s no autoritzat, tenint en compte en tot instant de l&#8217;estat de la tecnologia.<\/p>\n<p><strong>10. Modificacions de les condicions d&#8217;\u00fas<\/strong><br \/>\nEl titular del web es reserva el dret a alterar, desenvolupar o actualitzar a qualsevol moment i sense anterior notificaci\u00f3 les condicions d&#8217;ocupaci\u00f3 del present web. L&#8217;usuari quedar\u00e0 obligat autom\u00e0ticament per les condicions d&#8217;\u00fas que es trobin vigents en l&#8217;instant en qu\u00e8 accedeixi al web, per la qual cosa haur\u00e0 de llegir peri\u00f2dicament aquestes condicions d&#8217;\u00fas.<\/p>\n<p><strong>11. Legislaci\u00f3 aplicable i compet\u00e8ncia jurisdiccional<\/strong><br \/>\nTotes les pol\u00e8miques o b\u00e9 reclamacions sorgides de la interpretaci\u00f3 o b\u00e9 execuci\u00f3 del present Av\u00eds legal es regiran per la legislaci\u00f3 espanyola, i se sotmetran a la jurisdicci\u00f3 dels jutjats i tribunals del domicili del titular del web.<\/p>\n","protected":false},"excerpt":{"rendered":"<p>1. Identitat del titular de la web Per acomplir a l&#8217;establert en la Llei 34\/2002, d&#8217;11 de juliol, de serveis de la societat de la informaci\u00f3 i de comer\u00e7 electr\u00f2nic, a continuaci\u00f3 s&#8217;indiquen les dades d&#8217;informaci\u00f3 general d&#8217;aquest lloc web: Titular: Buidatge Pisos Barcelona 3. \u00das correcte del lloc web Les presents condicions (d&#8217;ara endavant [&hellip;]<\/p>\n","protected":false},"author":1,"featured_media":0,"parent":0,"menu_order":0,"comment_status":"closed","ping_status":"closed","template":"","meta":{"_et_pb_use_builder":"","_et_pb_old_content":"","_et_gb_content_width":"","inline_featured_image":false,"footnotes":""},"class_list":["post-1862","page","type-page","status-publish","hentry"],"yoast_head":"<!-- This site is optimized with the Yoast SEO plugin v27.2 - https:\/\/yoast.com\/product\/yoast-seo-wordpress\/ -->\n<title>Av\u00eds Legal - Buidatge Pisos Barcelona<\/title>\n<meta name=\"description\" content=\"Revisa aqu\u00ed el nostre av\u00eds legal, els teus drets i les teves responsabilitats com a usuari del present web.\" \/>\n<meta name=\"robots\" content=\"index, follow, max-snippet:-1, max-image-preview:large, max-video-preview:-1\" \/>\n<link rel=\"canonical\" href=\"https:\/\/www.vaciadopisosbarcelona.net\/aviso-legal\/\" \/>\n<meta property=\"og:locale\" content=\"ca_ES\" \/>\n<meta property=\"og:type\" content=\"article\" \/>\n<meta property=\"og:title\" content=\"Av\u00eds Legal - Buidatge Pisos Barcelona\" \/>\n<meta property=\"og:description\" content=\"Revisa aqu\u00ed el nostre av\u00eds legal, els teus drets i les teves responsabilitats com a usuari del present web.\" \/>\n<meta property=\"og:url\" content=\"https:\/\/www.vaciadopisosbarcelona.net\/aviso-legal\/\" \/>\n<meta property=\"og:site_name\" content=\"Vaciado de pisos Barcelona\" \/>\n<meta property=\"article:publisher\" content=\"https:\/\/es-es.facebook.com\/vaciartbcn\/\" \/>\n<meta property=\"article:modified_time\" content=\"2018-01-04T09:23:01+00:00\" \/>\n<meta name=\"twitter:card\" content=\"summary_large_image\" \/>\n<meta name=\"twitter:site\" content=\"@vaciartbcn\" \/>\n<meta name=\"twitter:label1\" content=\"Est. reading time\" \/>\n\t<meta name=\"twitter:data1\" content=\"9 minutes\" \/>\n<script type=\"application\/ld+json\" class=\"yoast-schema-graph\">{\"@context\":\"https:\/\/schema.org\",\"@graph\":[{\"@type\":\"WebPage\",\"@id\":\"https:\/\/www.vaciadopisosbarcelona.net\/aviso-legal\/\",\"url\":\"https:\/\/www.vaciadopisosbarcelona.net\/aviso-legal\/\",\"name\":\"Av\u00eds Legal - Buidatge Pisos Barcelona\",\"isPartOf\":{\"@id\":\"https:\/\/www.vaciadopisosbarcelona.net\/#website\"},\"datePublished\":\"2017-12-22T11:59:27+00:00\",\"dateModified\":\"2018-01-04T09:23:01+00:00\",\"description\":\"Revisa aqu\u00ed el nostre av\u00eds legal, els teus drets i les teves responsabilitats com a usuari del present web.\",\"breadcrumb\":{\"@id\":\"https:\/\/www.vaciadopisosbarcelona.net\/aviso-legal\/#breadcrumb\"},\"inLanguage\":\"ca\",\"potentialAction\":[{\"@type\":\"ReadAction\",\"target\":[\"https:\/\/www.vaciadopisosbarcelona.net\/aviso-legal\/\"]}]},{\"@type\":\"BreadcrumbList\",\"@id\":\"https:\/\/www.vaciadopisosbarcelona.net\/aviso-legal\/#breadcrumb\",\"itemListElement\":[{\"@type\":\"ListItem\",\"position\":1,\"name\":\"Portada\",\"item\":\"https:\/\/www.vaciadopisosbarcelona.net\/ca\/\"},{\"@type\":\"ListItem\",\"position\":2,\"name\":\"Av\u00eds legal\"}]},{\"@type\":\"WebSite\",\"@id\":\"https:\/\/www.vaciadopisosbarcelona.net\/#website\",\"url\":\"https:\/\/www.vaciadopisosbarcelona.net\/\",\"name\":\"Vaciado de pisos Barcelona\",\"description\":\"vaciado pisos barcelona\",\"potentialAction\":[{\"@type\":\"SearchAction\",\"target\":{\"@type\":\"EntryPoint\",\"urlTemplate\":\"https:\/\/www.vaciadopisosbarcelona.net\/?s={search_term_string}\"},\"query-input\":{\"@type\":\"PropertyValueSpecification\",\"valueRequired\":true,\"valueName\":\"search_term_string\"}}],\"inLanguage\":\"ca\"}]}<\/script>\n<!-- \/ Yoast SEO plugin. -->","yoast_head_json":{"title":"Av\u00eds Legal - Buidatge Pisos Barcelona","description":"Revisa aqu\u00ed el nostre av\u00eds legal, els teus drets i les teves responsabilitats com a usuari del present web.","robots":{"index":"index","follow":"follow","max-snippet":"max-snippet:-1","max-image-preview":"max-image-preview:large","max-video-preview":"max-video-preview:-1"},"canonical":"https:\/\/www.vaciadopisosbarcelona.net\/aviso-legal\/","og_locale":"ca_ES","og_type":"article","og_title":"Av\u00eds Legal - Buidatge Pisos Barcelona","og_description":"Revisa aqu\u00ed el nostre av\u00eds legal, els teus drets i les teves responsabilitats com a usuari del present web.","og_url":"https:\/\/www.vaciadopisosbarcelona.net\/aviso-legal\/","og_site_name":"Vaciado de pisos Barcelona","article_publisher":"https:\/\/es-es.facebook.com\/vaciartbcn\/","article_modified_time":"2018-01-04T09:23:01+00:00","twitter_card":"summary_large_image","twitter_site":"@vaciartbcn","twitter_misc":{"Est. reading time":"9 minutes"},"schema":{"@context":"https:\/\/schema.org","@graph":[{"@type":"WebPage","@id":"https:\/\/www.vaciadopisosbarcelona.net\/aviso-legal\/","url":"https:\/\/www.vaciadopisosbarcelona.net\/aviso-legal\/","name":"Av\u00eds Legal - Buidatge Pisos Barcelona","isPartOf":{"@id":"https:\/\/www.vaciadopisosbarcelona.net\/#website"},"datePublished":"2017-12-22T11:59:27+00:00","dateModified":"2018-01-04T09:23:01+00:00","description":"Revisa aqu\u00ed el nostre av\u00eds legal, els teus drets i les teves responsabilitats com a usuari del present web.","breadcrumb":{"@id":"https:\/\/www.vaciadopisosbarcelona.net\/aviso-legal\/#breadcrumb"},"inLanguage":"ca","potentialAction":[{"@type":"ReadAction","target":["https:\/\/www.vaciadopisosbarcelona.net\/aviso-legal\/"]}]},{"@type":"BreadcrumbList","@id":"https:\/\/www.vaciadopisosbarcelona.net\/aviso-legal\/#breadcrumb","itemListElement":[{"@type":"ListItem","position":1,"name":"Portada","item":"https:\/\/www.vaciadopisosbarcelona.net\/ca\/"},{"@type":"ListItem","position":2,"name":"Av\u00eds legal"}]},{"@type":"WebSite","@id":"https:\/\/www.vaciadopisosbarcelona.net\/#website","url":"https:\/\/www.vaciadopisosbarcelona.net\/","name":"Vaciado de pisos Barcelona","description":"vaciado pisos barcelona","potentialAction":[{"@type":"SearchAction","target":{"@type":"EntryPoint","urlTemplate":"https:\/\/www.vaciadopisosbarcelona.net\/?s={search_term_string}"},"query-input":{"@type":"PropertyValueSpecification","valueRequired":true,"valueName":"search_term_string"}}],"inLanguage":"ca"}]}},"_links":{"self":[{"href":"https:\/\/www.vaciadopisosbarcelona.net\/ca\/wp-json\/wp\/v2\/pages\/1862","targetHints":{"allow":["GET"]}}],"collection":[{"href":"https:\/\/www.vaciadopisosbarcelona.net\/ca\/wp-json\/wp\/v2\/pages"}],"about":[{"href":"https:\/\/www.vaciadopisosbarcelona.net\/ca\/wp-json\/wp\/v2\/types\/page"}],"author":[{"embeddable":true,"href":"https:\/\/www.vaciadopisosbarcelona.net\/ca\/wp-json\/wp\/v2\/users\/1"}],"replies":[{"embeddable":true,"href":"https:\/\/www.vaciadopisosbarcelona.net\/ca\/wp-json\/wp\/v2\/comments?post=1862"}],"version-history":[{"count":0,"href":"https:\/\/www.vaciadopisosbarcelona.net\/ca\/wp-json\/wp\/v2\/pages\/1862\/revisions"}],"wp:attachment":[{"href":"https:\/\/www.vaciadopisosbarcelona.net\/ca\/wp-json\/wp\/v2\/media?parent=1862"}],"curies":[{"name":"wp","href":"https:\/\/api.w.org\/{rel}","templated":true}]}}