{"id":2318,"date":"2022-05-19T11:46:48","date_gmt":"2022-05-19T11:46:48","guid":{"rendered":"https:\/\/www.vaciadopisosbarcelona.net\/ca\/limpieza-con-ozono\/"},"modified":"2022-05-19T14:07:13","modified_gmt":"2022-05-19T14:07:13","slug":"neteja-amb-ozo","status":"publish","type":"page","link":"https:\/\/www.vaciadopisosbarcelona.net\/ca\/neteja-amb-ozo\/","title":{"rendered":"Neteja amb oz\u00f3"},"content":{"rendered":"<p>[et_pb_section fb_built=&#8221;1&#8243; custom_padding_last_edited=&#8221;on|desktop&#8221; admin_label=&#8221;section&#8221; _builder_version=&#8221;4.16&#8243; custom_padding_tablet=&#8221;50px|0|50px|0&#8243; custom_padding_phone=&#8221;50px|0|50px|0&#8243; transparent_background=&#8221;off&#8221; padding_mobile=&#8221;off&#8221; make_fullwidth=&#8221;off&#8221; use_custom_width=&#8221;off&#8221; width_unit=&#8221;off&#8221; custom_width_px=&#8221;1080px&#8221; custom_width_percent=&#8221;80%&#8221; global_colors_info=&#8221;{}&#8221;][et_pb_row padding_mobile=&#8221;off&#8221; column_padding_mobile=&#8221;on&#8221; admin_label=&#8221;row&#8221; _builder_version=&#8221;4.16&#8243; background_size=&#8221;initial&#8221; background_position=&#8221;top_left&#8221; background_repeat=&#8221;repeat&#8221; custom_padding=&#8221;27px|0px|4px|0px&#8221; make_fullwidth=&#8221;off&#8221; use_custom_width=&#8221;off&#8221; width_unit=&#8221;off&#8221; custom_width_px=&#8221;1080px&#8221; custom_width_percent=&#8221;80%&#8221; global_colors_info=&#8221;{}&#8221;][et_pb_column type=&#8221;4_4&#8243; _builder_version=&#8221;4.16&#8243; custom_padding=&#8221;|||&#8221; global_colors_info=&#8221;{}&#8221; custom_padding__hover=&#8221;|||&#8221;][et_pb_text admin_label=&#8221;Texto&#8221; _builder_version=&#8221;4.17.3&#8243; header_font=&#8221;|on|||&#8221; background_size=&#8221;initial&#8221; background_position=&#8221;top_left&#8221; background_repeat=&#8221;repeat&#8221; text_orientation=&#8221;center&#8221; module_alignment=&#8221;center&#8221; hover_enabled=&#8221;0&#8243; use_border_color=&#8221;off&#8221; border_style=&#8221;solid&#8221; global_colors_info=&#8221;{}&#8221; sticky_enabled=&#8221;0&#8243;]<\/p>\n<h1>Neteja amb Oz\u00f3<\/h1>\n<p>[\/et_pb_text][et_pb_text _builder_version=&#8221;4.17.3&#8243; _module_preset=&#8221;default&#8221; text_font=&#8221;|600|||||||&#8221; text_font_size=&#8221;18px&#8221; hover_enabled=&#8221;0&#8243; global_colors_info=&#8221;{}&#8221; sticky_enabled=&#8221;0&#8243;]<\/p>\n<p style=\"text-align: center;\">Serveis professionals de neteja amb Oz\u00f3 a Barcelona<\/p>\n<p>[\/et_pb_text][et_pb_button button_url=&#8221;\/ca\/contacte\/&#8221; button_text=&#8221;Sol\u00b7licita pressupost&#8221; button_alignment=&#8221;center&#8221; _builder_version=&#8221;4.17.3&#8243; _module_preset=&#8221;default&#8221; hover_enabled=&#8221;0&#8243; global_colors_info=&#8221;{}&#8221; sticky_enabled=&#8221;0&#8243;][\/et_pb_button][et_pb_text admin_label=&#8221;Texto&#8221; _builder_version=&#8221;4.17.3&#8243; background_size=&#8221;initial&#8221; background_position=&#8221;top_left&#8221; background_repeat=&#8221;repeat&#8221; text_orientation=&#8221;justified&#8221; hover_enabled=&#8221;0&#8243; use_border_color=&#8221;off&#8221; border_style=&#8221;solid&#8221; global_colors_info=&#8221;{}&#8221; sticky_enabled=&#8221;0&#8243;]<\/p>\n<p>L\u2019oz\u00f3 actua sobre el metabolisme de les c\u00e8l\u00b7lules bacterianes, interferint i interrompent el seu metabolisme. Les mol\u00e8cules d\u2019oz\u00f3 s\u2019encarreguen de destruir la membrana cel\u00b7lular dels bacteris; una vegada destru\u00efda, el bacteri perd la seva forma i finalment es destrueix. Una vegada finalitzat aquest proc\u00e9s l\u2019oz\u00f3 es converteix en oxigen, sense deixar cap tipus de residu perjudicial per a nosaltres o per al medi ambient.<\/p>\n<p>La metodologia que utilitza el sistema de ozonizaci\u00f3n es basa a bombar l\u2019oz\u00f3, en forma de gas, a l\u2019habitaci\u00f3 o zona que es desitja tractar mitjan\u00e7ant unes desc\u00e0rregues en el temps. Amb aquest sistema s\u2019aconsegueix una total desinfecci\u00f3 de g\u00e8rmens, microorganismes, virus o fongs perjudicials. Aquests microorganismes poden ser portadors de malalties i fins i tot ser els responsables de males olors en la nostra llar.<\/p>\n<p>La neteja amb oz\u00f3 est\u00e0 orientada per eliminar contaminants com:<\/p>\n<ul>\n<li>Floridura i la seva olor provinent de parets de fusta, catifes, moquetes i mobles amb humitat.<\/li>\n<li>Olors d\u2019or\u00edgens org\u00e0nics provinents de mascotes i la descomposici\u00f3 d\u2019aliments i altres elements org\u00e0nics.<\/li>\n<li>Fum provinent del foc o el tabac.<\/li>\n<li>Vapors i gasos qu\u00edmics en garatges o trasters.<\/li>\n<\/ul>\n<p>La neteja amb oz\u00f3 \u00e9s apta per realitzar-se en habitacions, cuines, banys i qualsevol \u00e0rea de l\u2019habitatge ja que el seu efecte no \u00e9s perjudicial per a la salut.<\/p>\n<p>Aquesta metodologia de neteja \u00e9s \u00fatil tant per a particulars com a escoles, geri\u00e0trics i hotels; comptem amb les millors empreses del sector i els seus professionals. Per a m\u00e9s informaci\u00f3 o sol\u00b7licitud de pressupost no dubtis a posar-te en contacte amb nosaltres.<\/p>\n<p>[\/et_pb_text][\/et_pb_column][\/et_pb_row][et_pb_row column_structure=&#8221;1_3,1_3,1_3&#8243; padding_mobile=&#8221;off&#8221; column_padding_mobile=&#8221;on&#8221; admin_label=&#8221;row&#8221; _builder_version=&#8221;4.16&#8243; background_size=&#8221;initial&#8221; background_position=&#8221;top_left&#8221; background_repeat=&#8221;repeat&#8221; custom_padding=&#8221;27px|0px|53px|0px&#8221; make_fullwidth=&#8221;off&#8221; use_custom_width=&#8221;off&#8221; width_unit=&#8221;off&#8221; custom_width_px=&#8221;1080px&#8221; custom_width_percent=&#8221;80%&#8221; global_colors_info=&#8221;{}&#8221;][et_pb_column type=&#8221;1_3&#8243; _builder_version=&#8221;4.16&#8243; custom_padding=&#8221;|||&#8221; global_colors_info=&#8221;{}&#8221; custom_padding__hover=&#8221;|||&#8221;][et_pb_image src=&#8221;https:\/\/www.vaciadopisosbarcelona.net\/wp-content\/uploads\/2022\/05\/purificacion-mediante-ozono.jpg&#8221; title_text=&#8221;purificacion-mediante-ozono&#8221; align_tablet=&#8221;center&#8221; align_phone=&#8221;center&#8221; align_last_edited=&#8221;on|desktop&#8221; admin_label=&#8221;Imagen&#8221; _builder_version=&#8221;4.17.3&#8243; use_border_color=&#8221;off&#8221; border_color=&#8221;#ffffff&#8221; border_width=&#8221;1px&#8221; border_style=&#8221;solid&#8221; animation=&#8221;off&#8221; sticky=&#8221;off&#8221; always_center_on_mobile=&#8221;on&#8221; global_colors_info=&#8221;{}&#8221;][\/et_pb_image][\/et_pb_column][et_pb_column type=&#8221;1_3&#8243; _builder_version=&#8221;4.16&#8243; custom_padding=&#8221;|||&#8221; global_colors_info=&#8221;{}&#8221; custom_padding__hover=&#8221;|||&#8221;][et_pb_image src=&#8221;https:\/\/www.vaciadopisosbarcelona.net\/wp-content\/uploads\/2022\/05\/limpieza-con-ozono-barcelona.jpg&#8221; title_text=&#8221;limpieza-con-ozono-barcelona&#8221; align_tablet=&#8221;center&#8221; align_phone=&#8221;center&#8221; align_last_edited=&#8221;on|desktop&#8221; admin_label=&#8221;Imagen&#8221; _builder_version=&#8221;4.17.3&#8243; min_height=&#8221;235px&#8221; use_border_color=&#8221;off&#8221; border_color=&#8221;#ffffff&#8221; border_width=&#8221;1px&#8221; border_style=&#8221;solid&#8221; animation=&#8221;off&#8221; sticky=&#8221;off&#8221; always_center_on_mobile=&#8221;on&#8221; global_colors_info=&#8221;{}&#8221;][\/et_pb_image][\/et_pb_column][et_pb_column type=&#8221;1_3&#8243; _builder_version=&#8221;4.16&#8243; custom_padding=&#8221;|||&#8221; global_colors_info=&#8221;{}&#8221; custom_padding__hover=&#8221;|||&#8221;][et_pb_image src=&#8221;https:\/\/www.vaciadopisosbarcelona.net\/wp-content\/uploads\/2022\/05\/purificacion-mediante-ozono.jpg&#8221; title_text=&#8221;purificacion-mediante-ozono&#8221; align_tablet=&#8221;center&#8221; align_phone=&#8221;center&#8221; align_last_edited=&#8221;on|desktop&#8221; admin_label=&#8221;Imagen&#8221; _builder_version=&#8221;4.17.3&#8243; use_border_color=&#8221;off&#8221; border_color=&#8221;#ffffff&#8221; border_width=&#8221;1px&#8221; border_style=&#8221;solid&#8221; animation=&#8221;off&#8221; sticky=&#8221;off&#8221; always_center_on_mobile=&#8221;on&#8221; global_colors_info=&#8221;{}&#8221;][\/et_pb_image][\/et_pb_column][\/et_pb_row][et_pb_row padding_mobile=&#8221;off&#8221; column_padding_mobile=&#8221;on&#8221; admin_label=&#8221;row&#8221; _builder_version=&#8221;4.16&#8243; background_size=&#8221;initial&#8221; background_position=&#8221;top_left&#8221; background_repeat=&#8221;repeat&#8221; make_fullwidth=&#8221;off&#8221; use_custom_width=&#8221;off&#8221; width_unit=&#8221;off&#8221; custom_width_px=&#8221;1080px&#8221; custom_width_percent=&#8221;80%&#8221; global_colors_info=&#8221;{}&#8221;][et_pb_column type=&#8221;4_4&#8243; _builder_version=&#8221;4.16&#8243; custom_padding=&#8221;|||&#8221; global_colors_info=&#8221;{}&#8221; custom_padding__hover=&#8221;|||&#8221;][et_pb_cta title=&#8221;Contacta&#8217;ns&#8221; button_url=&#8221;\/ca\/contacte\/&#8221; button_text=&#8221;Sol\u00b7licita pressupost&#8221; admin_label=&#8221;Llamada a la acci\u00f3n&#8221; _builder_version=&#8221;4.17.3&#8243; header_font=&#8221;||||||||&#8221; body_font=&#8221;||||||||&#8221; background_color=&#8221;rgba(0,0,0,0.05)&#8221; background_size=&#8221;initial&#8221; background_position=&#8221;top_left&#8221; background_repeat=&#8221;repeat&#8221; custom_button=&#8221;on&#8221; button_text_color=&#8221;gcid-3615c591-36fb-45b6-ad33-e62ee703cc27&#8243; button_bg_color=&#8221;#FFFFFF&#8221; button_border_color=&#8221;gcid-3615c591-36fb-45b6-ad33-e62ee703cc27&#8243; button_on_hover=&#8221;off&#8221; background_layout=&#8221;light&#8221; hover_enabled=&#8221;0&#8243; button_text_color_last_edited=&#8221;off|desktop&#8221; use_border_color=&#8221;off&#8221; border_color=&#8221;#ffffff&#8221; border_width=&#8221;1px&#8221; border_style=&#8221;solid&#8221; button_letter_spacing_hover=&#8221;0&#8243; global_colors_info=&#8221;{%22gcid-3615c591-36fb-45b6-ad33-e62ee703cc27%22:%91%22button_text_color%22,%22button_border_color%22%93}&#8221; button_text_size__hover_enabled=&#8221;off&#8221; button_one_text_size__hover_enabled=&#8221;off&#8221; button_two_text_size__hover_enabled=&#8221;off&#8221; button_text_color__hover_enabled=&#8221;off|desktop&#8221; button_one_text_color__hover_enabled=&#8221;off&#8221; button_two_text_color__hover_enabled=&#8221;off&#8221; button_border_width__hover_enabled=&#8221;off&#8221; button_one_border_width__hover_enabled=&#8221;off&#8221; button_two_border_width__hover_enabled=&#8221;off&#8221; button_border_color__hover_enabled=&#8221;on|desktop&#8221; button_one_border_color__hover_enabled=&#8221;off&#8221; button_two_border_color__hover_enabled=&#8221;off&#8221; button_border_radius__hover_enabled=&#8221;off&#8221; button_one_border_radius__hover_enabled=&#8221;off&#8221; button_two_border_radius__hover_enabled=&#8221;off&#8221; button_letter_spacing__hover_enabled=&#8221;on&#8221; button_letter_spacing__hover=&#8221;0&#8243; button_one_letter_spacing__hover_enabled=&#8221;off&#8221; button_two_letter_spacing__hover_enabled=&#8221;off&#8221; button_bg_color__hover_enabled=&#8221;on|desktop&#8221; button_one_bg_color__hover_enabled=&#8221;off&#8221; button_two_bg_color__hover_enabled=&#8221;off&#8221; button_bg_color__hover=&#8221;rgba(0,0,0,0.05)&#8221; button_bg_enable_color__hover=&#8221;on&#8221; button_border_color__hover=&#8221;rgba(0,0,0,0)&#8221; sticky_enabled=&#8221;0&#8243;]<\/p>\n<p>Estem a la teva disposici\u00f3 per a qualsevol dubte sobre els nostres serveis, no dubtis a posar-se en contacte amb nosaltres. Demana el teu pressupost personalitzat sense cap comprom\u00eds<\/p>\n<p>&nbsp;<\/p>\n<p>[\/et_pb_cta][\/et_pb_column][\/et_pb_row][\/et_pb_section]<\/p>\n","protected":false},"excerpt":{"rendered":"<p>Neteja amb Oz\u00f3Serveis professionals de neteja amb Oz\u00f3 a BarcelonaL\u2019oz\u00f3 actua sobre el metabolisme de les c\u00e8l\u00b7lules bacterianes, interferint i interrompent el seu metabolisme. Les mol\u00e8cules d\u2019oz\u00f3 s\u2019encarreguen de destruir la membrana cel\u00b7lular dels bacteris; una vegada destru\u00efda, el bacteri perd la seva forma i finalment es destrueix. Una vegada finalitzat aquest proc\u00e9s l\u2019oz\u00f3 es [&hellip;]<\/p>\n","protected":false},"author":1,"featured_media":0,"parent":0,"menu_order":0,"comment_status":"closed","ping_status":"closed","template":"","meta":{"_et_pb_use_builder":"on","_et_pb_old_content":"","_et_gb_content_width":"","inline_featured_image":false,"footnotes":""},"class_list":["post-2318","page","type-page","status-publish","hentry"],"yoast_head":"<!-- This site is optimized with the Yoast SEO plugin v27.2 - https:\/\/yoast.com\/product\/yoast-seo-wordpress\/ -->\n<title>Neteja amb oz\u00f3 a Barcelona - Limpieza del hogar<\/title>\n<meta name=\"description\" content=\"Neteja i eliminaci\u00f3 de bacteris, virus, g\u00e8rmens, purificaci\u00f3 i desinfecci\u00f3 de l&#039;aire mitjan\u00e7ant oz\u00f3 a Barcelona.\" \/>\n<meta name=\"robots\" content=\"index, follow, max-snippet:-1, max-image-preview:large, max-video-preview:-1\" \/>\n<link rel=\"canonical\" href=\"https:\/\/www.vaciadopisosbarcelona.net\/limpieza-con-ozono\/\" \/>\n<meta property=\"og:locale\" content=\"ca_ES\" \/>\n<meta property=\"og:type\" content=\"article\" \/>\n<meta property=\"og:title\" content=\"Neteja amb oz\u00f3 a Barcelona - Limpieza del hogar\" \/>\n<meta property=\"og:description\" content=\"Neteja i eliminaci\u00f3 de bacteris, virus, g\u00e8rmens, purificaci\u00f3 i desinfecci\u00f3 de l&#039;aire mitjan\u00e7ant oz\u00f3 a Barcelona.\" \/>\n<meta property=\"og:url\" content=\"https:\/\/www.vaciadopisosbarcelona.net\/limpieza-con-ozono\/\" \/>\n<meta property=\"og:site_name\" content=\"Vaciado de pisos Barcelona\" \/>\n<meta property=\"article:publisher\" content=\"https:\/\/es-es.facebook.com\/vaciartbcn\/\" \/>\n<meta property=\"article:modified_time\" content=\"2022-05-19T14:07:13+00:00\" \/>\n<meta name=\"twitter:card\" content=\"summary_large_image\" \/>\n<meta name=\"twitter:site\" content=\"@vaciartbcn\" \/>\n<meta name=\"twitter:label1\" content=\"Est. reading time\" \/>\n\t<meta name=\"twitter:data1\" content=\"6 minutes\" \/>\n<script type=\"application\/ld+json\" class=\"yoast-schema-graph\">{\"@context\":\"https:\/\/schema.org\",\"@graph\":[{\"@type\":\"WebPage\",\"@id\":\"https:\/\/www.vaciadopisosbarcelona.net\/limpieza-con-ozono\/\",\"url\":\"https:\/\/www.vaciadopisosbarcelona.net\/limpieza-con-ozono\/\",\"name\":\"Neteja amb oz\u00f3 a Barcelona - Limpieza del hogar\",\"isPartOf\":{\"@id\":\"https:\/\/www.vaciadopisosbarcelona.net\/#website\"},\"datePublished\":\"2022-05-19T11:46:48+00:00\",\"dateModified\":\"2022-05-19T14:07:13+00:00\",\"description\":\"Neteja i eliminaci\u00f3 de bacteris, virus, g\u00e8rmens, purificaci\u00f3 i desinfecci\u00f3 de l'aire mitjan\u00e7ant oz\u00f3 a Barcelona.\",\"breadcrumb\":{\"@id\":\"https:\/\/www.vaciadopisosbarcelona.net\/limpieza-con-ozono\/#breadcrumb\"},\"inLanguage\":\"ca\",\"potentialAction\":[{\"@type\":\"ReadAction\",\"target\":[\"https:\/\/www.vaciadopisosbarcelona.net\/limpieza-con-ozono\/\"]}]},{\"@type\":\"BreadcrumbList\",\"@id\":\"https:\/\/www.vaciadopisosbarcelona.net\/limpieza-con-ozono\/#breadcrumb\",\"itemListElement\":[{\"@type\":\"ListItem\",\"position\":1,\"name\":\"Portada\",\"item\":\"https:\/\/www.vaciadopisosbarcelona.net\/ca\/\"},{\"@type\":\"ListItem\",\"position\":2,\"name\":\"Neteja amb oz\u00f3\"}]},{\"@type\":\"WebSite\",\"@id\":\"https:\/\/www.vaciadopisosbarcelona.net\/#website\",\"url\":\"https:\/\/www.vaciadopisosbarcelona.net\/\",\"name\":\"Vaciado de pisos Barcelona\",\"description\":\"vaciado pisos barcelona\",\"potentialAction\":[{\"@type\":\"SearchAction\",\"target\":{\"@type\":\"EntryPoint\",\"urlTemplate\":\"https:\/\/www.vaciadopisosbarcelona.net\/?s={search_term_string}\"},\"query-input\":{\"@type\":\"PropertyValueSpecification\",\"valueRequired\":true,\"valueName\":\"search_term_string\"}}],\"inLanguage\":\"ca\"}]}<\/script>\n<!-- \/ Yoast SEO plugin. -->","yoast_head_json":{"title":"Neteja amb oz\u00f3 a Barcelona - Limpieza del hogar","description":"Neteja i eliminaci\u00f3 de bacteris, virus, g\u00e8rmens, purificaci\u00f3 i desinfecci\u00f3 de l'aire mitjan\u00e7ant oz\u00f3 a Barcelona.","robots":{"index":"index","follow":"follow","max-snippet":"max-snippet:-1","max-image-preview":"max-image-preview:large","max-video-preview":"max-video-preview:-1"},"canonical":"https:\/\/www.vaciadopisosbarcelona.net\/limpieza-con-ozono\/","og_locale":"ca_ES","og_type":"article","og_title":"Neteja amb oz\u00f3 a Barcelona - Limpieza del hogar","og_description":"Neteja i eliminaci\u00f3 de bacteris, virus, g\u00e8rmens, purificaci\u00f3 i desinfecci\u00f3 de l'aire mitjan\u00e7ant oz\u00f3 a Barcelona.","og_url":"https:\/\/www.vaciadopisosbarcelona.net\/limpieza-con-ozono\/","og_site_name":"Vaciado de pisos Barcelona","article_publisher":"https:\/\/es-es.facebook.com\/vaciartbcn\/","article_modified_time":"2022-05-19T14:07:13+00:00","twitter_card":"summary_large_image","twitter_site":"@vaciartbcn","twitter_misc":{"Est. reading time":"6 minutes"},"schema":{"@context":"https:\/\/schema.org","@graph":[{"@type":"WebPage","@id":"https:\/\/www.vaciadopisosbarcelona.net\/limpieza-con-ozono\/","url":"https:\/\/www.vaciadopisosbarcelona.net\/limpieza-con-ozono\/","name":"Neteja amb oz\u00f3 a Barcelona - Limpieza del hogar","isPartOf":{"@id":"https:\/\/www.vaciadopisosbarcelona.net\/#website"},"datePublished":"2022-05-19T11:46:48+00:00","dateModified":"2022-05-19T14:07:13+00:00","description":"Neteja i eliminaci\u00f3 de bacteris, virus, g\u00e8rmens, purificaci\u00f3 i desinfecci\u00f3 de l'aire mitjan\u00e7ant oz\u00f3 a Barcelona.","breadcrumb":{"@id":"https:\/\/www.vaciadopisosbarcelona.net\/limpieza-con-ozono\/#breadcrumb"},"inLanguage":"ca","potentialAction":[{"@type":"ReadAction","target":["https:\/\/www.vaciadopisosbarcelona.net\/limpieza-con-ozono\/"]}]},{"@type":"BreadcrumbList","@id":"https:\/\/www.vaciadopisosbarcelona.net\/limpieza-con-ozono\/#breadcrumb","itemListElement":[{"@type":"ListItem","position":1,"name":"Portada","item":"https:\/\/www.vaciadopisosbarcelona.net\/ca\/"},{"@type":"ListItem","position":2,"name":"Neteja amb oz\u00f3"}]},{"@type":"WebSite","@id":"https:\/\/www.vaciadopisosbarcelona.net\/#website","url":"https:\/\/www.vaciadopisosbarcelona.net\/","name":"Vaciado de pisos Barcelona","description":"vaciado pisos barcelona","potentialAction":[{"@type":"SearchAction","target":{"@type":"EntryPoint","urlTemplate":"https:\/\/www.vaciadopisosbarcelona.net\/?s={search_term_string}"},"query-input":{"@type":"PropertyValueSpecification","valueRequired":true,"valueName":"search_term_string"}}],"inLanguage":"ca"}]}},"_links":{"self":[{"href":"https:\/\/www.vaciadopisosbarcelona.net\/ca\/wp-json\/wp\/v2\/pages\/2318","targetHints":{"allow":["GET"]}}],"collection":[{"href":"https:\/\/www.vaciadopisosbarcelona.net\/ca\/wp-json\/wp\/v2\/pages"}],"about":[{"href":"https:\/\/www.vaciadopisosbarcelona.net\/ca\/wp-json\/wp\/v2\/types\/page"}],"author":[{"embeddable":true,"href":"https:\/\/www.vaciadopisosbarcelona.net\/ca\/wp-json\/wp\/v2\/users\/1"}],"replies":[{"embeddable":true,"href":"https:\/\/www.vaciadopisosbarcelona.net\/ca\/wp-json\/wp\/v2\/comments?post=2318"}],"version-history":[{"count":4,"href":"https:\/\/www.vaciadopisosbarcelona.net\/ca\/wp-json\/wp\/v2\/pages\/2318\/revisions"}],"predecessor-version":[{"id":2323,"href":"https:\/\/www.vaciadopisosbarcelona.net\/ca\/wp-json\/wp\/v2\/pages\/2318\/revisions\/2323"}],"wp:attachment":[{"href":"https:\/\/www.vaciadopisosbarcelona.net\/ca\/wp-json\/wp\/v2\/media?parent=2318"}],"curies":[{"name":"wp","href":"https:\/\/api.w.org\/{rel}","templated":true}]}}